{"id":16047,"date":"2017-02-17T08:32:00","date_gmt":"2017-02-17T05:32:00","guid":{"rendered":"https:\/\/www.galaksidisklinigi.com\/dr-sevil-borbay\/"},"modified":"2025-05-08T16:57:03","modified_gmt":"2025-05-08T13:57:03","slug":"dr-sevil-borbay","status":"publish","type":"page","link":"https:\/\/www.galaksidisklinigi.com\/en\/our-doctors\/dr-sevil-borbay\/","title":{"rendered":"Dr. Sevil Borbay"},"content":{"rendered":"<div class=\"wpb-content-wrapper\"><p>[vc_row pix_particles_check=&#8221;&#8221; css=&#8221;.vc_custom_1624290394412{padding-top: 35px !important;}&#8221;][vc_column width=&#8221;2\/3&#8243;][vc_column_text css=&#8221;&#8221;]<\/p>\n<h5>Dr. Sevil Borbay<\/h5>\n<p>She was born in 1986 in Bulgaria. He completed his primary education in F\u0131nd\u0131kl\u0131 Primary School, secondary school in Nam\u0131k Kemal Primary School, and high school education in Ka\u011f\u0131thane Anatolian High School.<\/p>\n<p>She started his undergraduate education at Istanbul University Faculty of Dentistry in 2005 and graduated in 2010. He started his doctorate education in Selcuk University Faculty of Dentistry, Department of Pedodontics in 2011. .<\/p>\n<p>She worked as a Pedodontist at Konya Oral and Dental Health Hospital between 2015-2016 and at Edirne Oral and Dental Health Center between 2016-2017.<\/p>\n<p>She participated in many national and international congresses and symposiums and made oral and poster presentations at these congresses.[\/vc_column_text][vc_row_inner][vc_column_inner width=&#8221;1\/2&#8243;]<div class=\"position-relative tilt\"><a href=\"https:\/\/www.galaksidisklinigi.com\/en\/services\/children-dentistry\/dental-accidents\/\"  class=\"d-block\" ><div class=\"item-inner pix-img-box   text-left w-100 d-inline-block  w-100 h-1002 bg-black shadow2 pix-hover-item mb-32  rounded-lg position-relative overflow-hidden\"   ><img loading=\"lazy\" decoding=\"async\" width=\"350\" height=\"175\" src=\"https:\/\/www.galaksidisklinigi.com\/wp-content\/uploads\/2021\/06\/dis-kazalari.jpg\" class=\"pix-bg-image pix-img-scale pix-hover-opacity-7\" alt=\"\" srcset=\"https:\/\/www.galaksidisklinigi.com\/wp-content\/uploads\/2021\/06\/dis-kazalari.jpg 350w, https:\/\/www.galaksidisklinigi.com\/wp-content\/uploads\/2021\/06\/dis-kazalari-300x150.jpg 300w\" sizes=\"auto, (max-width: 350px) 100vw, 350px\" \/><div class=\"pix-img-overlay pix-p-30 w-100\">\n\t\t<div class=\"slide-in-container d-inline-block \"><h5 class=\"font-weight-bold text-white pix-slide-up\" style=\"\">Dental Accidents<\/h5><\/div>\n\t\t<div class=\"slide-in-container d-inline-block w-100\"><p class=\"text-light-opacity-6  mb-0 pix-fade-in\" ><\/p><\/div>\n\t\t<\/div>\n\t\t<\/div><\/a><\/div>[\/vc_column_inner][vc_column_inner width=&#8221;1\/2&#8243;]<div class=\"position-relative tilt\"><a href=\"https:\/\/www.galaksidisklinigi.com\/en\/services\/children-dentistry\/tooth-cleaning\/\"  class=\"d-block\" ><div class=\"item-inner pix-img-box   text-left w-100 d-inline-block  w-100 h-1002 bg-black shadow2 pix-hover-item mb-32  rounded-lg position-relative overflow-hidden\"   ><img loading=\"lazy\" decoding=\"async\" width=\"350\" height=\"175\" src=\"https:\/\/www.galaksidisklinigi.com\/wp-content\/uploads\/2021\/06\/dis-temizligi-cocuk.jpg\" class=\"pix-bg-image pix-img-scale pix-hover-opacity-7\" alt=\"\" srcset=\"https:\/\/www.galaksidisklinigi.com\/wp-content\/uploads\/2021\/06\/dis-temizligi-cocuk.jpg 350w, https:\/\/www.galaksidisklinigi.com\/wp-content\/uploads\/2021\/06\/dis-temizligi-cocuk-300x150.jpg 300w\" sizes=\"auto, (max-width: 350px) 100vw, 350px\" \/><div class=\"pix-img-overlay pix-p-30 w-100\">\n\t\t<div class=\"slide-in-container d-inline-block \"><h5 class=\"font-weight-bold text-white pix-slide-up\" style=\"\">Tooth Cleaning<\/h5><\/div>\n\t\t<div class=\"slide-in-container d-inline-block w-100\"><p class=\"text-light-opacity-6  mb-0 pix-fade-in\" ><\/p><\/div>\n\t\t<\/div>\n\t\t<\/div><\/a><\/div>[\/vc_column_inner][\/vc_row_inner][vc_row_inner][vc_column_inner width=&#8221;1\/2&#8243;]<div class=\"position-relative tilt\"><a href=\"https:\/\/www.galaksidisklinigi.com\/en\/services\/children-dentistry\/placeholders\/\"  class=\"d-block\" ><div class=\"item-inner pix-img-box   text-left w-100 d-inline-block  w-100 h-1002 bg-black shadow2 pix-hover-item mb-32  rounded-lg position-relative overflow-hidden\"   ><img loading=\"lazy\" decoding=\"async\" width=\"350\" height=\"175\" src=\"https:\/\/www.galaksidisklinigi.com\/wp-content\/uploads\/2021\/06\/yer-tutucular.jpg\" class=\"pix-bg-image pix-img-scale pix-hover-opacity-7\" alt=\"\" srcset=\"https:\/\/www.galaksidisklinigi.com\/wp-content\/uploads\/2021\/06\/yer-tutucular.jpg 350w, https:\/\/www.galaksidisklinigi.com\/wp-content\/uploads\/2021\/06\/yer-tutucular-300x150.jpg 300w\" sizes=\"auto, (max-width: 350px) 100vw, 350px\" \/><div class=\"pix-img-overlay pix-p-30 w-100\">\n\t\t<div class=\"slide-in-container d-inline-block \"><h5 class=\"font-weight-bold text-white pix-slide-up\" style=\"\">Placeholders<\/h5><\/div>\n\t\t<div class=\"slide-in-container d-inline-block w-100\"><p class=\"text-light-opacity-6  mb-0 pix-fade-in\" ><\/p><\/div>\n\t\t<\/div>\n\t\t<\/div><\/a><\/div>[\/vc_column_inner][vc_column_inner width=&#8221;1\/2&#8243;]<div class=\"position-relative tilt\"><a href=\"https:\/\/www.galaksidisklinigi.com\/en\/services\/children-dentistry\/general-anesthesia\/\"  class=\"d-block\" ><div class=\"item-inner pix-img-box   text-left w-100 d-inline-block  w-100 h-1002 bg-black shadow2 pix-hover-item mb-32  rounded-lg position-relative overflow-hidden\"   ><img loading=\"lazy\" decoding=\"async\" width=\"350\" height=\"175\" src=\"https:\/\/www.galaksidisklinigi.com\/wp-content\/uploads\/2021\/06\/genel-anestezi.jpg\" class=\"pix-bg-image pix-img-scale pix-hover-opacity-7\" alt=\"\" srcset=\"https:\/\/www.galaksidisklinigi.com\/wp-content\/uploads\/2021\/06\/genel-anestezi.jpg 350w, https:\/\/www.galaksidisklinigi.com\/wp-content\/uploads\/2021\/06\/genel-anestezi-300x150.jpg 300w\" sizes=\"auto, (max-width: 350px) 100vw, 350px\" \/><div class=\"pix-img-overlay pix-p-30 w-100\">\n\t\t<div class=\"slide-in-container d-inline-block \"><h5 class=\"font-weight-bold text-white pix-slide-up\" style=\"\">General Anesthesia<\/h5><\/div>\n\t\t<div class=\"slide-in-container d-inline-block w-100\"><p class=\"text-light-opacity-6  mb-0 pix-fade-in\" ><\/p><\/div>\n\t\t<\/div>\n\t\t<\/div><\/a><\/div>[\/vc_column_inner][\/vc_row_inner][vc_row_inner][vc_column_inner width=&#8221;1\/2&#8243;]<div class=\"position-relative tilt\"><a href=\"https:\/\/www.galaksidisklinigi.com\/en\/services\/children-dentistry\/preventive-orthodontics\/\"  class=\"d-block\" ><div class=\"item-inner pix-img-box   text-left w-100 d-inline-block  w-100 h-1002 bg-black shadow2 pix-hover-item mb-32  rounded-lg position-relative overflow-hidden\"   ><img loading=\"lazy\" decoding=\"async\" width=\"350\" height=\"175\" src=\"https:\/\/www.galaksidisklinigi.com\/wp-content\/uploads\/2021\/06\/onleyici-ortodonti-350x175-1.jpg\" class=\"pix-bg-image pix-img-scale pix-hover-opacity-7\" alt=\"\" srcset=\"https:\/\/www.galaksidisklinigi.com\/wp-content\/uploads\/2021\/06\/onleyici-ortodonti-350x175-1.jpg 350w, https:\/\/www.galaksidisklinigi.com\/wp-content\/uploads\/2021\/06\/onleyici-ortodonti-350x175-1-300x150.jpg 300w\" sizes=\"auto, (max-width: 350px) 100vw, 350px\" \/><div class=\"pix-img-overlay pix-p-30 w-100\">\n\t\t<div class=\"slide-in-container d-inline-block \"><h5 class=\"font-weight-bold text-white pix-slide-up\" style=\"\">Preventive Orthodontics<\/h5><\/div>\n\t\t<div class=\"slide-in-container d-inline-block w-100\"><p class=\"text-light-opacity-6  mb-0 pix-fade-in\" ><\/p><\/div>\n\t\t<\/div>\n\t\t<\/div><\/a><\/div>[\/vc_column_inner][vc_column_inner width=&#8221;1\/2&#8243;]<div class=\"position-relative tilt\"><a href=\"https:\/\/www.galaksidisklinigi.com\/en\/services\/children-dentistry\/coating-applications\/\"  class=\"d-block\" ><div class=\"item-inner pix-img-box   text-left w-100 d-inline-block  w-100 h-1002 bg-black shadow2 pix-hover-item mb-32  rounded-lg position-relative overflow-hidden\"   ><img loading=\"lazy\" decoding=\"async\" width=\"350\" height=\"175\" src=\"https:\/\/www.galaksidisklinigi.com\/wp-content\/uploads\/2021\/06\/kaplama-uygulamalari.jpg\" class=\"pix-bg-image pix-img-scale pix-hover-opacity-7\" alt=\"\" srcset=\"https:\/\/www.galaksidisklinigi.com\/wp-content\/uploads\/2021\/06\/kaplama-uygulamalari.jpg 350w, https:\/\/www.galaksidisklinigi.com\/wp-content\/uploads\/2021\/06\/kaplama-uygulamalari-300x150.jpg 300w\" sizes=\"auto, (max-width: 350px) 100vw, 350px\" \/><div class=\"pix-img-overlay pix-p-30 w-100\">\n\t\t<div class=\"slide-in-container d-inline-block \"><h5 class=\"font-weight-bold text-white pix-slide-up\" style=\"\">Coating Applications<\/h5><\/div>\n\t\t<div class=\"slide-in-container d-inline-block w-100\"><p class=\"text-light-opacity-6  mb-0 pix-fade-in\" ><\/p><\/div>\n\t\t<\/div>\n\t\t<\/div><\/a><\/div>[\/vc_column_inner][\/vc_row_inner][vc_row_inner][vc_column_inner width=&#8221;1\/2&#8243;]<div class=\"position-relative tilt\"><a href=\"https:\/\/www.galaksidisklinigi.com\/en\/services\/children-dentistry\/fissur-removal\/\"  class=\"d-block\" ><div class=\"item-inner pix-img-box   text-left w-100 d-inline-block  w-100 h-1002 bg-black shadow2 pix-hover-item mb-32  rounded-lg position-relative overflow-hidden\"   ><img loading=\"lazy\" decoding=\"async\" width=\"350\" height=\"175\" src=\"https:\/\/www.galaksidisklinigi.com\/wp-content\/uploads\/2021\/06\/fissur-ortucu.jpg\" class=\"pix-bg-image pix-img-scale pix-hover-opacity-7\" alt=\"\" srcset=\"https:\/\/www.galaksidisklinigi.com\/wp-content\/uploads\/2021\/06\/fissur-ortucu.jpg 350w, https:\/\/www.galaksidisklinigi.com\/wp-content\/uploads\/2021\/06\/fissur-ortucu-300x150.jpg 300w\" sizes=\"auto, (max-width: 350px) 100vw, 350px\" \/><div class=\"pix-img-overlay pix-p-30 w-100\">\n\t\t<div class=\"slide-in-container d-inline-block \"><h5 class=\"font-weight-bold text-white pix-slide-up\" style=\"\">Fissure Sealer<\/h5><\/div>\n\t\t<div class=\"slide-in-container d-inline-block w-100\"><p class=\"text-light-opacity-6  mb-0 pix-fade-in\" ><\/p><\/div>\n\t\t<\/div>\n\t\t<\/div><\/a><\/div>[\/vc_column_inner][vc_column_inner width=&#8221;1\/2&#8243;]<div class=\"position-relative tilt\"><a href=\"https:\/\/www.galaksidisklinigi.com\/en\/services\/children-dentistry\/flor\/\"  class=\"d-block\" ><div class=\"item-inner pix-img-box   text-left w-100 d-inline-block  w-100 h-1002 bg-black shadow2 pix-hover-item mb-32  rounded-lg position-relative overflow-hidden\"   ><img loading=\"lazy\" decoding=\"async\" width=\"350\" height=\"175\" src=\"https:\/\/www.galaksidisklinigi.com\/wp-content\/uploads\/2021\/06\/flor-uygulama.jpg\" class=\"pix-bg-image pix-img-scale pix-hover-opacity-7\" alt=\"\" srcset=\"https:\/\/www.galaksidisklinigi.com\/wp-content\/uploads\/2021\/06\/flor-uygulama.jpg 350w, https:\/\/www.galaksidisklinigi.com\/wp-content\/uploads\/2021\/06\/flor-uygulama-300x150.jpg 300w\" sizes=\"auto, (max-width: 350px) 100vw, 350px\" \/><div class=\"pix-img-overlay pix-p-30 w-100\">\n\t\t<div class=\"slide-in-container d-inline-block \"><h5 class=\"font-weight-bold text-white pix-slide-up\" style=\"\">Florine Application<\/h5><\/div>\n\t\t<div class=\"slide-in-container d-inline-block w-100\"><p class=\"text-light-opacity-6  mb-0 pix-fade-in\" ><\/p><\/div>\n\t\t<\/div>\n\t\t<\/div><\/a><\/div>[\/vc_column_inner][\/vc_row_inner][vc_empty_space][\/vc_column][vc_column width=&#8221;1\/3&#8243;]<div class=\"card pix-hover-item  rounded-lg  hover-bg text-left bg-gradient-primary d-flex align-items-end pix-team-card big-card \"  ><img loading=\"lazy\" decoding=\"async\" width=\"1707\" height=\"2560\" src=\"https:\/\/www.galaksidisklinigi.com\/wp-content\/uploads\/2021\/06\/sevil-akgul-1-scaled.jpg\" class=\"card-img rounded-lg pix-opacity-7\" alt=\"\" srcset=\"https:\/\/www.galaksidisklinigi.com\/wp-content\/uploads\/2021\/06\/sevil-akgul-1-scaled.jpg 1707w, https:\/\/www.galaksidisklinigi.com\/wp-content\/uploads\/2021\/06\/sevil-akgul-1-200x300.jpg 200w, https:\/\/www.galaksidisklinigi.com\/wp-content\/uploads\/2021\/06\/sevil-akgul-1-683x1024.jpg 683w, https:\/\/www.galaksidisklinigi.com\/wp-content\/uploads\/2021\/06\/sevil-akgul-1-768x1152.jpg 768w, https:\/\/www.galaksidisklinigi.com\/wp-content\/uploads\/2021\/06\/sevil-akgul-1-1024x1536.jpg 1024w, https:\/\/www.galaksidisklinigi.com\/wp-content\/uploads\/2021\/06\/sevil-akgul-1-1365x2048.jpg 1365w\" sizes=\"auto, (max-width: 1707px) 100vw, 1707px\" \/><div class=\"card-img-overlay d-flex flex-column justify-content-end\"><h4 class=\"pix-member-name card-title mb-0 font-weight-bold   text-white animate-in\" style=\"\" data-anim-type=\"\" data-anim-delay=\"0\">Dr. Sevil Borbay<\/h4><h6 class=\"pix-member-title    text-light-opacity-6 mb-2 animate-in\" style=\"\" data-anim-type=\"\" data-anim-delay=\"100\"><\/h6><div class=\"font-weight-bold pix-social animate-in\" data-anim-type=\"\" data-anim-delay=\"700\"><\/div><\/div><\/div><a  href=\"https:\/\/www.galaksidisklinigi.com\/make-an-appointment\/\" class=\"btn mb-2      text-white btn-gradient-primary d-flex w-100  justify-content-center  align-items-center      btn-md\"     ><span class=\"font-weight-bold \" >Make an appointment<\/span><\/a>[\/vc_column][\/vc_row]<\/p>\n<\/div>","protected":false},"excerpt":{"rendered":"<p>[vc_row pix_particles_check=&#8221;&#8221; css=&#8221;.vc_custom_1624290394412{padding-top: 35px !important;}&#8221;][vc_column width=&#8221;2\/3&#8243;][vc_column_text css=&#8221;&#8221;] Dr. Sevil Borbay She was born in 1986 in Bulgaria. He completed his primary education in F\u0131nd\u0131kl\u0131 Primary School, secondary school in Nam\u0131k Kemal Primary School, and high school education in Ka\u011f\u0131thane Anatolian&#8230;<\/p>\n","protected":false},"author":1,"featured_media":0,"parent":16063,"menu_order":0,"comment_status":"closed","ping_status":"closed","template":"","meta":{"footnotes":""},"class_list":["post-16047","page","type-page","status-publish","hentry"],"_links":{"self":[{"href":"https:\/\/www.galaksidisklinigi.com\/en\/wp-json\/wp\/v2\/pages\/16047","targetHints":{"allow":["GET"]}}],"collection":[{"href":"https:\/\/www.galaksidisklinigi.com\/en\/wp-json\/wp\/v2\/pages"}],"about":[{"href":"https:\/\/www.galaksidisklinigi.com\/en\/wp-json\/wp\/v2\/types\/page"}],"author":[{"embeddable":true,"href":"https:\/\/www.galaksidisklinigi.com\/en\/wp-json\/wp\/v2\/users\/1"}],"replies":[{"embeddable":true,"href":"https:\/\/www.galaksidisklinigi.com\/en\/wp-json\/wp\/v2\/comments?post=16047"}],"version-history":[{"count":5,"href":"https:\/\/www.galaksidisklinigi.com\/en\/wp-json\/wp\/v2\/pages\/16047\/revisions"}],"predecessor-version":[{"id":17539,"href":"https:\/\/www.galaksidisklinigi.com\/en\/wp-json\/wp\/v2\/pages\/16047\/revisions\/17539"}],"up":[{"embeddable":true,"href":"https:\/\/www.galaksidisklinigi.com\/en\/wp-json\/wp\/v2\/pages\/16063"}],"wp:attachment":[{"href":"https:\/\/www.galaksidisklinigi.com\/en\/wp-json\/wp\/v2\/media?parent=16047"}],"curies":[{"name":"wp","href":"https:\/\/api.w.org\/{rel}","templated":true}]}}