{"id":16106,"date":"2021-06-15T06:19:25","date_gmt":"2021-06-15T03:19:25","guid":{"rendered":"https:\/\/www.galaksidisklinigi.com\/iletisim\/"},"modified":"2026-04-06T23:48:21","modified_gmt":"2026-04-06T20:48:21","slug":"contact","status":"publish","type":"page","link":"https:\/\/www.galaksidisklinigi.com\/en\/contact\/","title":{"rendered":"Contact"},"content":{"rendered":"<div class=\"wpb-content-wrapper\"><p>[vc_row pix_particles_check=&#8221;&#8221; css=&#8221;.vc_custom_1624271425085{padding-bottom: 50px !important;}&#8221;][vc_column css=&#8221;.vc_custom_1623856690613{margin-bottom: 30px !important;}&#8221;][\/vc_column][\/vc_row][vc_row pix_particles_check=&#8221;&#8221;][vc_column width=&#8221;1\/2&#8243;]<div id=\"accordion-ac06870c8143a786c3b11be1f5664603\" class=\"w-100   vc_custom_1693819265253\" ><div class=\"py-2 animate-in\" data-anim-type=\"fade-in-up\" data-anim-delay=\"0\"><div class=\"pix-feature-list text-18       py-2 d-flex align-items-center\" ><span class=\"text-body-default\"><span class=\"text-body-default\" style=\"font-size: x-large;\">Galaksi Dental Clinic<\/span><\/span><\/div><div class=\"pix-feature-list text-18       py-2 d-flex align-items-center\" ><div class=\"d-inline-flex align-items-center pix-mr-10 text-gradient-primary\" style=\"font-size:1.2em;position:relative;line-height:1em;text-align:center;\"><svg class=\"pixfort-icon \" width=\"24\" height=\"24\"  data-name=\"Duotone\/pixfort-icon-clock-3\" viewBox=\"2 2 20 20\"><g fill=\"none\" fill-rule=\"evenodd\"><path fill=\"var(--pf-icon-color)\" fill-opacity=\".25\" d=\"M12,2 C6.4771525,2 2,6.4771525 2,12 C2,17.5228475 6.4771525,22 12,22 C17.5228475,22 22,17.5228475 22,12 C22,6.4771525 17.5228475,2 12,2 Z\"\/><path fill=\"var(--pf-icon-color)\" d=\"M19.1996739,2.34717635 C19.5656483,1.93355671 20.1976341,1.8949326 20.6112537,2.26090697 C21.0191726,2.62183724 21.4042237,3.00799719 21.763978,3.41695262 C22.1287604,3.83162384 22.0883175,4.46349587 21.6736463,4.82827831 C21.2589751,5.19306074 20.6271031,5.15261789 20.2623206,4.73794666 C19.9576074,4.39155984 19.6314534,4.06446667 19.2859433,3.75875617 C18.8723236,3.3927818 18.8336995,2.76079598 19.1996739,2.34717635 Z M3.40862775,2.24335161 C3.82298923,1.87821738 4.45489536,1.91812396 4.82002959,2.33248544 C5.18516382,2.74684692 5.14525725,3.37875305 4.73089577,3.74388728 C4.38561153,4.04815083 4.05954462,4.37373415 3.7547677,4.71856693 C3.38901835,5.13238555 2.75705364,5.1713534 2.34323501,4.80560405 C1.92941638,4.4398547 1.89044853,3.80788999 2.25619789,3.39407136 C2.61602619,2.98695196 3.00097455,2.60257452 3.40862775,2.24335161 Z M5.67107713,19.7427889 L3.70710678,21.7071068 C3.31658249,22.0976311 2.68341751,22.0976311 2.29289322,21.7071068 C1.90236893,21.3165825 1.90236893,20.6834175 2.29289322,20.2928932 L4.25692664,18.3285753 C4.68007031,18.8456805 5.15399123,19.3196225 5.67107713,19.7427889 Z M19.7430734,18.3285753 L21.7071068,20.2928932 C22.0976311,20.6834175 22.0976311,21.3165825 21.7071068,21.7071068 C21.3165825,22.0976311 20.6834175,22.0976311 20.2928932,21.7071068 L18.3289229,19.7427889 C18.8460088,19.3196225 19.3199297,18.8456805 19.7430734,18.3285753 Z M12,5 C12.5522847,5 13,5.44771525 13,6 L13,11 L16.5,11 C17.0128358,11 17.4355072,11.3860402 17.4932723,11.8833789 L17.5,12 C17.5,12.5522847 17.0522847,13 16.5,13 L12,13 C11.4477153,13 11,12.5522847 11,12 L11,6 C11,5.44771525 11.4477153,5 12,5 Z\"\/><\/g><\/svg><\/div><span class=\"text-body-default\">Open Monday-Saturday 09:00-18:00, Closed Sunday<\/span><\/div><div class=\"pix-feature-list text-18       py-2 d-flex align-items-center\" ><div class=\"d-inline-flex align-items-center pix-mr-10 text-gradient-primary\" style=\"font-size:1.2em;position:relative;line-height:1em;text-align:center;\"><svg class=\"pixfort-icon \" width=\"24\" height=\"24\"  data-name=\"Duotone\/pixfort-icon-earth-1\" viewBox=\"2 2 20 20\"><g fill=\"none\" fill-rule=\"evenodd\"><path fill=\"var(--pf-icon-color)\" fill-opacity=\".25\" d=\"M8.10687266,2.78566634 C8.01416807,2.97154542 7.93771605,3.17382835 7.87890114,3.39336484 L8.94491164,4.77290784 C9.05465618,4.91493018 9.10758641,5.09272781 9.09338637,5.27164837 L8.92851121,7.34907532 C8.91495541,7.51987844 8.82435758,7.67216295 8.64752447,7.92103917 C8.37534319,8.30410912 8.24923327,8.75481427 8.26637761,9.20000266 C8.28352195,9.64519105 8.44392054,10.0848627 8.74475628,10.4458656 C9.11518354,10.8903783 9.60727368,11.2171361 10.1606886,11.3860733 L12.0952545,11.976625 C12.5313065,12.1097356 12.9966763,12.1041882 13.7326973,12.0959157 C14.363067,12.4111005 15.0680559,12.5675895 16.3147372,12.398548 C16.9335555,12.3146404 17.5213174,12.0763896 18.0239016,11.7057338 L19.0395792,10.9566716 C19.2007248,10.8378267 19.4039765,10.7912147 19.6008049,10.8279648 L21.9737508,11.2698519 C21.9911497,11.5109664 22,11.7544497 22,12 C22,17.5228475 17.5228475,22 12,22 C11.8888831,22 11.7781895,21.9981877 11.6679471,21.994591 L11.9311421,19.5978357 L12.4648823,18.586652 C12.7969061,17.957625 12.8528231,17.2536623 12.6726819,16.6164318 C12.4925407,15.9792012 12.0763414,15.4087029 11.4641325,15.0466047 L8.62855715,13.2022716 C8.3540828,12.7672254 7.96581202,12.4316337 7.51862351,12.2213067 C7.07143703,12.0109807 6.56533336,11.9259187 6.05519254,11.9919307 L4.87303327,12.1504035 C3.54370509,12.3370445 2.63017046,12.5108228 2.02495977,12.7085281 C2.00834431,12.4749071 2,12.238428 2,12 C2,7.88126627 4.49002219,4.34410839 8.04681845,2.81177447 Z\"\/><path fill=\"var(--pf-icon-color)\" d=\"M12,2 C16.91843,2 21.0075213,5.55082094 21.8436293,10.2288181 L19.7843446,9.84495246 C19.3149845,9.75731758 18.8303073,9.86846939 18.4460371,10.1518687 L17.4303594,10.9009309 C17.0627979,11.1720075 16.6329421,11.3462507 16.1803736,11.4076159 L15.7630935,11.4641963 C15.220957,11.5377063 14.6692498,11.4461579 14.1799109,11.2014885 L13.4584215,10.8407438 C13.4442359,10.833651 13.4272716,10.8351082 13.4145035,10.8445163 C13.1191012,11.0621811 12.7381636,11.1273263 12.3872172,11.0201953 L10.4526514,10.4296436 C10.0853813,10.3175296 9.75880908,10.100679 9.51297756,9.80568117 C9.20188966,9.4323757 9.18124796,8.89637086 9.46270488,8.5002463 L9.61247469,8.28945916 C9.79263895,8.03589465 9.90076722,7.73826984 9.92537661,7.42819162 L10.0902518,5.35076467 C10.1241134,4.92410796 9.99789515,4.50012899 9.73619664,4.16146034 L9.00814381,3.21927432 C8.91462863,3.09825468 8.80540983,2.9902308 8.68336879,2.89805256 L8.38510689,2.67335349 C9.5062335,2.23851586 10.7252626,2 12,2 Z M6.1835222,12.9836623 C6.81760578,12.9016121 7.44165365,13.1951172 7.78281233,13.7358592 L7.86520367,13.8664508 C8.00632888,14.0901365 8.1986626,14.2770244 8.42630849,14.4116682 L10.9550506,15.9073228 C11.7203117,16.3599455 11.995549,17.3335686 11.5805192,18.1198524 L11.046779,19.131036 C10.9450344,19.3237935 10.8820868,19.5346363 10.861501,19.7516239 L10.6564663,21.9105214 C6.33670602,21.3304469 2.8907398,17.9923642 2.14842542,13.7261312 C2.69695967,13.5083534 3.60411049,13.3383702 5.00590714,13.1415364 Z\"\/><\/g><\/svg><\/div><span class=\"text-body-default\">Address: ATAKOY 7-8-9-10. SECTION MAH. COBAN\u00c7E\u015eME E-5 YANYOL CAD. ATAK\u00d6Y TOWERS B BLOCK No:20 Floor:1 Flat:24, 34212 Bak\u0131rk\u00f6y<\/span><\/div><div class=\"pix-feature-list text-18       py-2 d-flex align-items-center\" ><div class=\"d-inline-flex align-items-center pix-mr-10 text-gradient-primary\" style=\"font-size:1.2em;position:relative;line-height:1em;text-align:center;\"><svg class=\"pixfort-icon \" width=\"24\" height=\"24\"  data-name=\"Duotone\/pixfort-icon-telephone-call-1\" viewBox=\"2 2 20 20\"><g fill=\"none\" fill-rule=\"evenodd\"><path fill=\"var(--pf-icon-color)\" fill-opacity=\".25\" d=\"M15.9792916,10.2358192 C16.8449041,10.2358192 17.6719774,10.4744292 18.3307859,10.910772 C18.791236,11.2157378 18.9172809,11.83623 18.6123151,12.2966801 C18.3291326,12.7242409 17.773889,12.8634626 17.3273512,12.6369972 L17.226407,12.5782093 C16.9020711,12.3633948 16.4598668,12.2358192 15.9792916,12.2358192 C15.5671006,12.2358192 15.1831437,12.3296716 14.877584,12.4919108 L14.7315696,12.5786114 C14.2712565,12.8837839 13.6507077,12.7580177 13.3455351,12.2977046 C13.0403626,11.8373915 13.1661288,11.2168427 13.6264419,10.9116702 C14.2854604,10.4747624 15.1130774,10.2358192 15.9792916,10.2358192 Z M15.9792916,6.82160567 C17.3594805,6.82160567 18.6682406,7.18470932 19.6717118,7.83882961 C20.1343783,8.14042229 20.2649544,8.75997678 19.9633618,9.22264329 C19.6617691,9.6853098 19.0422146,9.81588594 18.5795481,9.51429326 C17.9121781,9.07926305 16.9834854,8.82160567 15.9792916,8.82160567 C14.9735296,8.82160567 14.0435455,9.0800743 13.3760454,9.51624449 C12.9137136,9.8183499 12.2940147,9.68846068 11.9919093,9.2261288 C11.6898039,8.76379692 11.8196931,8.14409806 12.282025,7.84199265 C13.2860816,7.18590348 14.5968448,6.82160567 15.9792916,6.82160567 Z M15.9792916,3.4073921 C17.879652,3.4073921 19.6736597,3.89558044 21.0193844,4.76604052 C21.4831138,5.06599632 21.6158786,5.68508549 21.3159228,6.14881491 C21.015967,6.61254432 20.3968778,6.74530907 19.9331484,6.44535328 C18.9243558,5.79283227 17.5079299,5.4073921 15.9792916,5.4073921 C14.448016,5.4073921 13.0294053,5.79417352 12.0204289,6.44859572 C11.5570731,6.74912833 10.9378192,6.61713407 10.6372865,6.15377827 C10.3367539,5.69042248 10.4687482,5.07116857 10.932104,4.77063595 C12.2785394,3.89733781 14.0755291,3.4073921 15.9792916,3.4073921 Z\" transform=\"rotate(45 15.976 8.076)\"\/><path fill=\"var(--pf-icon-color)\" d=\"M6.53950981,3.11158211 L6.46934834,3.12085472 L3.98740974,3.56772706 C3.3116777,3.68966639 2.81091683,4.26110821 2.77559592,4.942835 L2.77497173,5.07691208 C3.21231684,14.4258226 9.28614041,20.6430578 18.5934278,21.2078869 L18.9609662,21.227171 C19.6732198,21.258707 20.2972938,20.7602247 20.4236034,20.0606193 L20.8675057,17.6014008 C21.0882418,16.3785225 20.2758451,15.2082417 19.0529668,14.9875055 L18.9826474,14.9759592 L16.6722653,14.7073976 L16.4944797,14.6939222 C15.9026828,14.6725866 15.3233934,14.8856763 14.8852665,15.2911629 L13.863,16.236 L13.6742309,16.1477432 C10.9876432,14.8470076 8.92469733,12.8241662 7.69877224,10.1795935 L7.621,10.005 L8.57483334,9.12325858 C9.1015994,8.63552191 9.36400077,7.92569547 9.28114591,7.21260038 L9.03415569,5.08686486 C8.89671328,3.90395885 7.86523071,3.04246855 6.69312828,3.09895884 L6.53950981,3.11158211 Z\"\/><\/g><\/svg><\/div><span class=\"text-body-default\">Phone: <a href=\"tel:+902128034490\">+90 212 803 44 90<\/a><\/span><\/div><div class=\"pix-feature-list text-18       py-2 d-flex align-items-center\" ><div class=\"d-inline-flex align-items-center pix-mr-10 text-gradient-primary\" style=\"font-size:1.2em;position:relative;line-height:1em;text-align:center;\"><svg class=\"pixfort-icon \" width=\"24\" height=\"24\"  data-name=\"Duotone\/pixfort-icon-mobile-phone-vertical-1\" viewBox=\"2 2 20 20\"><g fill=\"none\" fill-rule=\"evenodd\"><path fill=\"var(--pf-icon-color)\" fill-opacity=\".25\" d=\"M9,2 L15,2 C16.6568542,2 18,3.34314575 18,5 L18,19 C18,20.6568542 16.6568542,22 15,22 L9,22 C7.34314575,22 6,20.6568542 6,19 L6,5 C6,3.34314575 7.34314575,2 9,2 Z\"\/><path fill=\"var(--pf-icon-color)\" d=\"M9,2 L15,2 C16.6568542,2 18,3.34314575 18,5 L18,19 C18,20.6568542 16.6568542,22 15,22 L9,22 C7.34314575,22 6,20.6568542 6,19 L6,5 C6,3.34314575 7.34314575,2 9,2 Z M15,4 C15,4.55228475 14.5522847,5 14,5 L10,5 C9.35837028,5 9.00447195,4.50142886 8.9994235,4.00075864 C8.44716876,4.0005467 8,4.44805242 8,5 L8,19 C8,19.5522847 8.44771525,20 9,20 L15,20 C15.5522847,20 16,19.5522847 16,19 L16,5 C16,4.44771525 15.5522847,4 15,4 Z\"\/><\/g><\/svg><\/div><span class=\"text-body-default\">Mobile: <a href=\"tel:05453725485\">+90 545 372 54 85<\/a><\/span><\/div><div class=\"pix-feature-list text-18       py-2 d-flex align-items-center\" ><div class=\"d-inline-flex align-items-center pix-mr-10 text-gradient-primary\" style=\"font-size:1.2em;position:relative;line-height:1em;text-align:center;\"><svg class=\"pixfort-icon \" width=\"24\" height=\"24\"  data-name=\"Duotone\/pixfort-icon-mail-closed-heart-1\" viewBox=\"2 2 20 20\"><g fill=\"none\" fill-rule=\"evenodd\"><path fill=\"var(--pf-icon-color)\" fill-opacity=\".25\" d=\"M19,3 C20.6568542,3 22,4.34314575 22,6 L22.0007957,14.2254023 C21.3930703,13.7026944 20.6375623,13.452926 19.8078291,13.5081351 C19.2774594,13.543425 18.7081746,13.7090751 18.132174,14.0300418 C17.6696004,13.7132271 17.1652141,13.5453469 16.6651578,13.5070358 L16.4632302,13.4985339 L16.261578,13.5042279 C15.5905253,13.5463841 14.9339937,13.8225394 14.3912862,14.329968 C13.7822963,14.8993704 13.4932007,15.632582 13.4956258,16.4358799 C13.4978391,17.1593674 13.7505799,17.9530714 14.2514204,18.7048296 C14.3108289,18.7940013 14.3814509,18.8920663 14.463442,18.999081 L5,19 C3.34314575,19 2,17.6568542 2,16 L2,6 C2,4.34314575 3.34314575,3 5,3 Z\"\/><path fill=\"var(--pf-icon-color)\" d=\"M15.074254,15.0604188 C14.2589427,15.8227307 14.3448918,17.041527 15.0836412,18.1503848 C15.4226658,18.6592584 16.1559611,19.4698898 17.2905256,20.5935089 C17.8515886,21.1305962 18.6383981,21.1349598 19.1931426,20.6095298 L19.6305609,20.1759487 C20.5311689,19.2721712 21.1257617,18.5996164 21.4209623,18.1487077 C22.1495489,17.0358169 22.2301308,15.8220914 21.4355461,15.0623384 C20.604014,14.2672578 19.3130568,14.2936862 18.4456679,15.2960038 C18.3600704,15.4015037 18.2017914,15.4154822 18.0978815,15.3407371 L18.0444527,15.2879762 C17.1874652,14.290031 15.9242638,14.2656641 15.074254,15.0604188 Z M3.3082226,3.52217562 L11.363198,10.1768136 C11.7328585,10.4822002 12.2672561,10.4822204 12.6369397,10.1768617 L20.6927717,3.52285607 C21.2525535,3.90612344 21.675824,4.47419932 21.8746649,5.13916535 L13.9106231,11.7188509 C12.8015725,12.6349269 11.1983795,12.6348663 10.0893982,11.7187066 L2.12533505,5.13916535 C2.32429368,4.47380568 2.74794773,3.90545091 3.3082226,3.52217562 Z\"\/><\/g><\/svg><\/div><span class=\"text-body-default\">info@galaksidisklinigi.com<\/span><\/div><\/div><\/div>[vc_column_text]Editor&#8217;s Contact Information:<br \/>\n<a href=\"tel:+905413462344\">+90 541 346 23 44<\/a>[\/vc_column_text][vc_column_text]Last Update: 06.04.2026[\/vc_column_text][\/vc_column][vc_column width=&#8221;1\/2&#8243;][vc_column_text]<div class=\"forminator-ui forminator-custom-form forminator-custom-form-16294 forminator-design--default  forminator_ajax\" data-forminator-render=\"0\" data-form=\"forminator-module-16294\" data-uid=\"69d86ded483d7\"><br\/><\/div><form\r\n\t\t\t\tid=\"forminator-module-16294\"\r\n\t\t\t\tclass=\"forminator-ui forminator-custom-form forminator-custom-form-16294 forminator-design--default  forminator_ajax\"\r\n\t\t\t\tmethod=\"post\"\r\n\t\t\t\tdata-forminator-render=\"0\"\r\n\t\t\t\tdata-form-id=\"16294\"\r\n\t\t\t\t data-color-option=\"default\" data-design=\"default\" data-grid=\"open\" style=\"display: none;\"\r\n\t\t\t\tdata-uid=\"69d86ded483d7\"\r\n\t\t\t><div role=\"alert\" aria-live=\"polite\" class=\"forminator-response-message forminator-error\" aria-hidden=\"true\"><\/div><div class=\"forminator-row\"><div id=\"name-1\" class=\"forminator-field-name forminator-col forminator-col-6 \"><div class=\"forminator-field\"><label for=\"forminator-field-name-1_69d86ded483d7\" id=\"forminator-field-name-1_69d86ded483d7-label\" class=\"forminator-label\">First Name<\/label><input type=\"text\" name=\"name-1\" value=\"\" placeholder=\"Your name\" id=\"forminator-field-name-1_69d86ded483d7\" class=\"forminator-input forminator-name--field\" aria-required=\"false\" autocomplete=\"name\" \/><\/div><\/div><div id=\"email-1\" class=\"forminator-field-email forminator-col forminator-col-6 \"><div class=\"forminator-field\"><label for=\"forminator-field-email-1_69d86ded483d7\" id=\"forminator-field-email-1_69d86ded483d7-label\" class=\"forminator-label\">E-mail address <span class=\"forminator-required\">*<\/span><\/label><input type=\"email\" name=\"email-1\" value=\"\" placeholder=\"your current e-mail address\" id=\"forminator-field-email-1_69d86ded483d7\" class=\"forminator-input forminator-email--field\" data-required=\"true\" aria-required=\"true\" autocomplete=\"email\" \/><\/div><\/div><\/div><div class=\"forminator-row\"><div id=\"phone-1\" class=\"forminator-field-phone forminator-col forminator-col-6 \"><div class=\"forminator-field\"><label for=\"forminator-field-phone-1_69d86ded483d7\" id=\"forminator-field-phone-1_69d86ded483d7-label\" class=\"forminator-label\">Phone number<\/label><input type=\"text\" name=\"phone-1\" value=\"\" placeholder=\"+905xx\" id=\"forminator-field-phone-1_69d86ded483d7\" class=\"forminator-input forminator-field--phone\" data-required=\"\" aria-required=\"false\" autocomplete=\"off\" \/><\/div><\/div><div id=\"select-1\" class=\"forminator-field-select forminator-col forminator-col-6 \"><div class=\"forminator-field\"><label for=\"forminator-form-16294__field--select-1_69d86ded483d7\" id=\"forminator-form-16294__field--select-1_69d86ded483d7-label\" class=\"forminator-label\">Select<\/label><select  id=\"forminator-form-16294__field--select-1_69d86ded483d7\" class=\"forminator-select--field forminator-select2 forminator-select2-multiple\" data-required=\"\" name=\"select-1\" data-default-value=\"\" data-placeholder=\"Choose\" data-search=\"false\" data-search-placeholder=\"Choose\" data-checkbox=\"false\" data-allow-clear=\"false\" aria-labelledby=\"forminator-form-16294__field--select-1_69d86ded483d7-label\"><option value=\"\"  >Choose<\/option><option value=\"bilgi-alma\"  data-calculation=\"0\">Debriefing<\/option><option value=\"istek-oneri\"  data-calculation=\"0\">Request - Suggestion<\/option><option value=\"rezervasyon-talebi\"  data-calculation=\"0\">Reservation Request<\/option><option value=\"dier\"  data-calculation=\"0\">Other<\/option><\/select><\/div><\/div><\/div><div class=\"forminator-row\"><div id=\"textarea-1\" class=\"forminator-field-textarea forminator-col forminator-col-12 \"><div class=\"forminator-field\"><label for=\"forminator-field-textarea-1_69d86ded483d7\" id=\"forminator-field-textarea-1_69d86ded483d7-label\" class=\"forminator-label\">Message<\/label><textarea name=\"textarea-1\" placeholder=\"Enter your message...\" id=\"forminator-field-textarea-1_69d86ded483d7\" class=\"forminator-textarea\" rows=\"6\" style=\"min-height:140px;\" maxlength=\"180\" ><\/textarea><span id=\"forminator-field-textarea-1_69d86ded483d7-description\" class=\"forminator-description\"><span data-limit=\"180\" data-type=\"characters\" data-editor=\"\">0 \/ 180<\/span><\/span><\/div><\/div><\/div><input type=\"hidden\" name=\"referer_url\" value=\"\" \/><div class=\"forminator-row forminator-row-last\"><div class=\"forminator-col\"><div class=\"forminator-field\"><button class=\"forminator-button forminator-button-submit btn-primary\">Send Message<\/button><\/div><\/div><\/div><input type=\"hidden\" id=\"forminator_nonce\" name=\"forminator_nonce\" value=\"a9ca27a116\" \/><input type=\"hidden\" name=\"_wp_http_referer\" value=\"\/en\/wp-json\/wp\/v2\/pages\/16106\" \/><input type=\"hidden\" name=\"form_id\" value=\"16294\"><input type=\"hidden\" name=\"page_id\" value=\"16106\"><input type=\"hidden\" name=\"form_type\" value=\"default\"><input type=\"hidden\" name=\"current_url\" value=\"https:\/\/www.galaksidisklinigi.com\/en\/contact\/\"><input type=\"hidden\" name=\"render_id\" value=\"0\"><input type=\"hidden\" name=\"action\" value=\"forminator_submit_form_custom-forms\"><label for=\"input_6\" class=\"forminator-hidden\" aria-hidden=\"true\">Please do not fill in this field. <input id=\"input_6\" type=\"text\" name=\"input_6\" value=\"\" autocomplete=\"off\"><\/label><\/form>[\/vc_column_text][\/vc_column][\/vc_row][vc_row full_width=&#8221;stretch_row_content_no_spaces&#8221; top_divider_select=&#8221;dynamic&#8221; top_moving_divider_color=&#8221;%5B%7B%22d_color_1%22%3A%22%23fffcfc%22%2C%22d_color_2%22%3A%22%23f8f9fa%22%7D%5D&#8221; pix_particles_check=&#8221;&#8221; css=&#8221;.vc_custom_1623940787755{background-color: #ffffff !important;}&#8221;][vc_column css=&#8221;.vc_custom_1691502815868{margin-bottom: -50px !important;}&#8221;][vc_column_text]<iframe loading=\"lazy\" style=\"border: 0;\" src=\"https:\/\/www.google.com\/maps\/embed?pb=!1m14!1m8!1m3!1d12046.314427540468!2d28.8339328!3d40.9907073!3m2!1i1024!2i768!4f13.1!3m3!1m2!1s0x0%3A0xb6eaeab3d94bfd80!2sIstanbul%20Smile%20Center!5e0!3m2!1str!2str!4v1623940172815!5m2!1str!2str&amp;language=en\" width=\"100%\" height=\"400\" allowfullscreen=\"allowfullscreen\"><\/iframe>[\/vc_column_text][\/vc_column][\/vc_row]<\/p>\n<\/div>","protected":false},"excerpt":{"rendered":"<p>[vc_row pix_particles_check=&#8221;&#8221; css=&#8221;.vc_custom_1624271425085{padding-bottom: 50px !important;}&#8221;][vc_column css=&#8221;.vc_custom_1623856690613{margin-bottom: 30px !important;}&#8221;][\/vc_column][\/vc_row][vc_row pix_particles_check=&#8221;&#8221;][vc_column width=&#8221;1\/2&#8243;][vc_column_text]Editor&#8217;s Contact Information: +90 541 346 23 44[\/vc_column_text][vc_column_text]Last Update: 06.04.2026[\/vc_column_text][\/vc_column][vc_column width=&#8221;1\/2&#8243;][vc_column_text][\/vc_column_text][\/vc_column][\/vc_row][vc_row full_width=&#8221;stretch_row_content_no_spaces&#8221; top_divider_select=&#8221;dynamic&#8221; top_moving_divider_color=&#8221;%5B%7B%22d_color_1%22%3A%22%23fffcfc%22%2C%22d_color_2%22%3A%22%23f8f9fa%22%7D%5D&#8221; pix_particles_check=&#8221;&#8221; css=&#8221;.vc_custom_1623940787755{background-color: #ffffff !important;}&#8221;][vc_column css=&#8221;.vc_custom_1691502815868{margin-bottom: -50px !important;}&#8221;][vc_column_text][\/vc_column_text][\/vc_column][\/vc_row]<\/p>\n","protected":false},"author":1,"featured_media":0,"parent":0,"menu_order":0,"comment_status":"closed","ping_status":"closed","template":"","meta":{"footnotes":""},"class_list":["post-16106","page","type-page","status-publish","hentry"],"_links":{"self":[{"href":"https:\/\/www.galaksidisklinigi.com\/en\/wp-json\/wp\/v2\/pages\/16106","targetHints":{"allow":["GET"]}}],"collection":[{"href":"https:\/\/www.galaksidisklinigi.com\/en\/wp-json\/wp\/v2\/pages"}],"about":[{"href":"https:\/\/www.galaksidisklinigi.com\/en\/wp-json\/wp\/v2\/types\/page"}],"author":[{"embeddable":true,"href":"https:\/\/www.galaksidisklinigi.com\/en\/wp-json\/wp\/v2\/users\/1"}],"replies":[{"embeddable":true,"href":"https:\/\/www.galaksidisklinigi.com\/en\/wp-json\/wp\/v2\/comments?post=16106"}],"version-history":[{"count":7,"href":"https:\/\/www.galaksidisklinigi.com\/en\/wp-json\/wp\/v2\/pages\/16106\/revisions"}],"predecessor-version":[{"id":17567,"href":"https:\/\/www.galaksidisklinigi.com\/en\/wp-json\/wp\/v2\/pages\/16106\/revisions\/17567"}],"wp:attachment":[{"href":"https:\/\/www.galaksidisklinigi.com\/en\/wp-json\/wp\/v2\/media?parent=16106"}],"curies":[{"name":"wp","href":"https:\/\/api.w.org\/{rel}","templated":true}]}}