{"id":16284,"date":"2021-06-22T10:27:50","date_gmt":"2021-06-22T07:27:50","guid":{"rendered":"https:\/\/www.galaksidisklinigi.com\/soru-cevap\/"},"modified":"2023-08-09T01:47:40","modified_gmt":"2023-08-08T22:47:40","slug":"question-answer","status":"publish","type":"page","link":"https:\/\/www.galaksidisklinigi.com\/en\/question-answer\/","title":{"rendered":"Question \/ Answer"},"content":{"rendered":"<div class=\"wpb-content-wrapper\"><p>[vc_row pix_particles_check=&#8221;&#8221; css=&#8221;.vc_custom_1624353951253{padding-top: 50px !important;}&#8221;][vc_column][vc_empty_space][vc_column_text]<div class=\"dwqa-container\" ><div class=\"dwqa-questions-archive\"><form id=\"dwqa-search\" class=\"dwqa-search\"><input data-nonce=\"1e0b40bccc\" type=\"text\" placeholder=\"What do you want to know?\" name=\"qs\" value=\"\"><\/form><div class=\"dwqa-question-filter\"><span>Filter:<\/span><a href=\"\/en\/wp-json\/wp\/v2\/pages\/16284?filter=all\" class=\"all active\">All<\/a><a href=\"\/en\/wp-json\/wp\/v2\/pages\/16284?filter=open\" class=\"open \">Open<\/a><a href=\"\/en\/wp-json\/wp\/v2\/pages\/16284?filter=resolved\" class=\"resolved \">Resolved<\/a><a href=\"\/en\/wp-json\/wp\/v2\/pages\/16284?filter=closed\" class=\"closed \">Closed<\/a><a href=\"\/en\/wp-json\/wp\/v2\/pages\/16284?filter=unanswered\" class=\"unanswered \">Unanswered<\/a><select id=\"dwqa-sort-by\" class=\"dwqa-sort-by\" onchange=\"this.options[this.selectedIndex].value && (window.location = this.options[this.selectedIndex].value);\"><option selected disabled>Sort by<\/option><option value=\"\/en\/wp-json\/wp\/v2\/pages\/16284?sort=views\">Views<\/option><option value=\"\/en\/wp-json\/wp\/v2\/pages\/16284?sort=answers\">Answers<\/option><option value=\"\/en\/wp-json\/wp\/v2\/pages\/16284?sort=votes\">Votes<\/option><\/select><\/div><div class=\"dwqa-questions-list \"><div class=\"dwqa-question-item dwqa-status-open\"><header class=\"dwqa-question-title\"><a href=\"https:\/\/www.galaksidisklinigi.com\/en\/sorular\/ortodonti\/zirkonyum-dis-kaplama-2\/\">Zirkonyum Di\u015f Kaplama<\/a><\/header><div class=\"dwqa-question-meta\"><span title=\"Open\" class=\"dwqa-status dwqa-status-open\">Open<\/span><span><a href=\"#\">Banu<\/a> asked 2 years ago<\/span><span class=\"dwqa-question-category\"><span class=\"dwqa-sep\">&nbsp;&bull;&nbsp;<\/span><a href=\"https:\/\/www.galaksidisklinigi.com\/sorular\/ortodonti\/\" rel=\"tag\">Ortodonti<\/a><\/span><\/div><div class=\"dwqa-question-stats\"><span class=\"dwqa-views-count\"><strong>1730<\/strong> views<\/span><span class=\"dwqa-answers-count\"><strong>0<\/strong> answers<\/span><span class=\"dwqa-votes-count\"><strong>0<\/strong> votes<\/span><\/div><\/div><div class=\"dwqa-question-item dwqa-status-resolved\"><header class=\"dwqa-question-title\"><a href=\"https:\/\/www.galaksidisklinigi.com\/en\/sorular\/genel-dis\/dis-kaybi-ve-zirkonyum-kaplama\/\">Di\u015f kayb\u0131 ve zirkonyum kaplama<\/a><\/header><div class=\"dwqa-question-meta\"><span title=\"Resolved\" class=\"dwqa-status dwqa-status-resolved\">Resolved<\/span><span><a href=\"https:\/\/www.galaksidisklinigi.com\/dwqa-user-profile\/isc\">Galaksi<\/a> answered 3 years ago<\/span><span class=\"dwqa-question-category\"><span class=\"dwqa-sep\">&nbsp;&bull;&nbsp;<\/span><a href=\"https:\/\/www.galaksidisklinigi.com\/sorular\/genel-dis\/\" rel=\"tag\">Genel Di\u015f<\/a><\/span><\/div><div class=\"dwqa-question-stats\"><span class=\"dwqa-views-count\"><strong>3195<\/strong> views<\/span><span class=\"dwqa-answers-count\"><strong>1<\/strong> answers<\/span><span class=\"dwqa-votes-count\"><strong>1<\/strong> votes<\/span><\/div><\/div><div class=\"dwqa-question-item dwqa-status-resolved\"><header class=\"dwqa-question-title\"><a href=\"https:\/\/www.galaksidisklinigi.com\/en\/sorular\/ortodonti\/seffaf-dis-plagi\/\">\u015eeffaf di\u015f pla\u011f\u0131<\/a><\/header><div class=\"dwqa-question-meta\"><span title=\"Resolved\" class=\"dwqa-status dwqa-status-resolved\">Resolved<\/span><span><a href=\"https:\/\/www.galaksidisklinigi.com\/dwqa-user-profile\/isc\">Galaksi<\/a> answered 3 years ago<\/span><span class=\"dwqa-question-category\"><span class=\"dwqa-sep\">&nbsp;&bull;&nbsp;<\/span><a href=\"https:\/\/www.galaksidisklinigi.com\/sorular\/ortodonti\/\" rel=\"tag\">Ortodonti<\/a><\/span><\/div><div class=\"dwqa-question-stats\"><span class=\"dwqa-views-count\"><strong>3555<\/strong> views<\/span><span class=\"dwqa-answers-count\"><strong>1<\/strong> answers<\/span><span class=\"dwqa-votes-count\"><strong>1<\/strong> votes<\/span><\/div><\/div><div class=\"dwqa-question-item dwqa-status-resolved\"><header class=\"dwqa-question-title\"><a href=\"https:\/\/www.galaksidisklinigi.com\/en\/sorular\/ortodonti\/yaprak-porselen-veneers\/\">Yaprak Porselen (Veneers)<\/a><\/header><div class=\"dwqa-question-meta\"><span title=\"Resolved\" class=\"dwqa-status dwqa-status-resolved\">Resolved<\/span><span><a href=\"https:\/\/www.galaksidisklinigi.com\/dwqa-user-profile\/isc\">Galaksi<\/a> answered 4 years ago<\/span><span class=\"dwqa-question-category\"><span class=\"dwqa-sep\">&nbsp;&bull;&nbsp;<\/span><a href=\"https:\/\/www.galaksidisklinigi.com\/sorular\/ortodonti\/\" rel=\"tag\">Ortodonti<\/a><\/span><\/div><div class=\"dwqa-question-stats\"><span class=\"dwqa-views-count\"><strong>4102<\/strong> views<\/span><span class=\"dwqa-answers-count\"><strong>1<\/strong> answers<\/span><span class=\"dwqa-votes-count\"><strong>0<\/strong> votes<\/span><\/div><\/div><div class=\"dwqa-question-item dwqa-status-resolved\"><header class=\"dwqa-question-title\"><a href=\"https:\/\/www.galaksidisklinigi.com\/en\/sorular\/ortodonti\/ortodonti-ne-demek\/\">Ortodonti ne demek?<\/a><\/header><div class=\"dwqa-question-meta\"><span title=\"Resolved\" class=\"dwqa-status dwqa-status-resolved\">Resolved<\/span><span><a href=\"https:\/\/www.galaksidisklinigi.com\/dwqa-user-profile\/isc\">Galaksi<\/a> answered 5 years ago<\/span><span class=\"dwqa-question-category\"><span class=\"dwqa-sep\">&nbsp;&bull;&nbsp;<\/span><a href=\"https:\/\/www.galaksidisklinigi.com\/sorular\/ortodonti\/\" rel=\"tag\">Ortodonti<\/a><\/span><\/div><div class=\"dwqa-question-stats\"><span class=\"dwqa-views-count\"><strong>4870<\/strong> views<\/span><span class=\"dwqa-answers-count\"><strong>1<\/strong> answers<\/span><span class=\"dwqa-votes-count\"><strong>2<\/strong> votes<\/span><\/div><\/div><div class=\"dwqa-question-item dwqa-status-resolved\"><header class=\"dwqa-question-title\"><a href=\"https:\/\/www.galaksidisklinigi.com\/en\/sorular\/ortodonti\/zirkonyum-dis-kaplama\/\">Zirkonyum di\u015f kaplama<\/a><\/header><div class=\"dwqa-question-meta\"><span title=\"Resolved\" class=\"dwqa-status dwqa-status-resolved\">Resolved<\/span><span><a href=\"https:\/\/www.galaksidisklinigi.com\/dwqa-user-profile\/isc\">Galaksi<\/a> answered 5 years ago<\/span><span class=\"dwqa-question-category\"><span class=\"dwqa-sep\">&nbsp;&bull;&nbsp;<\/span><a href=\"https:\/\/www.galaksidisklinigi.com\/sorular\/ortodonti\/\" rel=\"tag\">Ortodonti<\/a><\/span><\/div><div class=\"dwqa-question-stats\"><span class=\"dwqa-views-count\"><strong>4854<\/strong> views<\/span><span class=\"dwqa-answers-count\"><strong>1<\/strong> answers<\/span><span class=\"dwqa-votes-count\"><strong>2<\/strong> votes<\/span><\/div><\/div><\/div><div class=\"dwqa-questions-footer\"><div class=\"dwqa-ask-question\"><a href=\"https:\/\/www.galaksidisklinigi.com\/soru-cevap\/soru-sor\/\">Ask Question<\/a><\/div><\/div><\/div><\/div>[\/vc_column_text][vc_empty_space][\/vc_column][\/vc_row]<\/p>\n<\/div>","protected":false},"excerpt":{"rendered":"<p>[vc_row pix_particles_check=&#8221;&#8221; css=&#8221;.vc_custom_1624353951253{padding-top: 50px !important;}&#8221;][vc_column][vc_empty_space][vc_column_text][\/vc_column_text][vc_empty_space][\/vc_column][\/vc_row]<\/p>\n","protected":false},"author":1,"featured_media":0,"parent":0,"menu_order":0,"comment_status":"closed","ping_status":"closed","template":"","meta":{"footnotes":""},"class_list":["post-16284","page","type-page","status-publish","hentry"],"_links":{"self":[{"href":"https:\/\/www.galaksidisklinigi.com\/en\/wp-json\/wp\/v2\/pages\/16284","targetHints":{"allow":["GET"]}}],"collection":[{"href":"https:\/\/www.galaksidisklinigi.com\/en\/wp-json\/wp\/v2\/pages"}],"about":[{"href":"https:\/\/www.galaksidisklinigi.com\/en\/wp-json\/wp\/v2\/types\/page"}],"author":[{"embeddable":true,"href":"https:\/\/www.galaksidisklinigi.com\/en\/wp-json\/wp\/v2\/users\/1"}],"replies":[{"embeddable":true,"href":"https:\/\/www.galaksidisklinigi.com\/en\/wp-json\/wp\/v2\/comments?post=16284"}],"version-history":[{"count":2,"href":"https:\/\/www.galaksidisklinigi.com\/en\/wp-json\/wp\/v2\/pages\/16284\/revisions"}],"predecessor-version":[{"id":16286,"href":"https:\/\/www.galaksidisklinigi.com\/en\/wp-json\/wp\/v2\/pages\/16284\/revisions\/16286"}],"wp:attachment":[{"href":"https:\/\/www.galaksidisklinigi.com\/en\/wp-json\/wp\/v2\/media?parent=16284"}],"curies":[{"name":"wp","href":"https:\/\/api.w.org\/{rel}","templated":true}]}}